{"id":3,"date":"2024-07-18T11:48:35","date_gmt":"2024-07-18T09:48:35","guid":{"rendered":"https:\/\/spacel.it\/?page_id=3"},"modified":"2024-10-29T09:56:27","modified_gmt":"2024-10-29T08:56:27","slug":"privacy-policy","status":"publish","type":"page","link":"https:\/\/spacel.it\/?page_id=3","title":{"rendered":"Privacy Policy"},"content":{"rendered":"<div class=\"wpb-content-wrapper\"><p>[vc_row][vc_column][vc_custom_heading text=&#8221;Informativa privacy ai sensi degli art. 13-14 del Regolamento Europeo \u201cPrivacy\u201d (GDPR)&#8221; font_container=&#8221;tag:h2|text_align:center&#8221; google_fonts=&#8221;font_family:Open%20Sans%3A300%2C300italic%2Cregular%2Citalic%2C600%2C600italic%2C700%2C700italic%2C800%2C800italic|font_style:600%20bold%20regular%3A600%3Anormal&#8221; css_params=&#8221;&#8221;][vc_column_text]I dati personali da Lei inseriti, sono trattati da\u00a0<strong>(<b>SPACEL S.r.l.s. <\/b>Sede legale: C.so Galileo Ferraris, 90 10129 Torino | Sede operativa: Via Collegno, 45bis 10044 Pianezza (TO) C.F. e P. IVA: IT 12884820015 | Tel. +39 011 192 72 867 e-mail:\u00a0<a href=\"mailto:info@spacel.it\">info@spacel.it<\/a>\u00a0| PEC:\u00a0<a href=\"mailto:spacel@pec.it\">spacel@pec.it<\/a>)<\/strong>\u00a0per finalit\u00e0 connesse alla fornitura dei servizi da Lei richiesti (a titolo esemplificativo: richiedere informazioni, registrarsi al sito per ricevere vantaggi e offerte, ottenere preventivi, effettuare acquisti e riceverli presso un domicilio da Lei indicato).<\/p>\n<p>Inoltre, i dati da Lei forniti, potrebbero essere trattati, solo su Suo esplicito consenso, al fine di inviarLe comunicazioni di natura commerciale.<\/p>\n<p>Nel primo caso, la base giuridica del trattamento \u00e8 l\u2019esecuzione di un accordo; nel secondo caso \u00e8 il consenso.<\/p>\n<p>I trattamenti avverranno con modalit\u00e0 elettroniche e verranno messi a disposizione delle terze parti (Responsabili Esterni del trattamento) nell\u2019ambito dell\u2019Unione Europea, regolarmente contrattualizzate dal Titolare e che offrono adeguate garanzie di sicurezza, necessarie per la fornitura di servizi essenziali al soddisfacimento delle Sue esigenze. Tali Responsabili Esterni, il cui elenco \u00e8 disponibile dietro richiesta, possono appartenere a categorie di soggetti che supportano il Titolare nell\u2019erogazione dei servizi offerti tramite il presente sito (quali, a titolo esemplificativo: sviluppatori software e gestori di siti web, spedizionieri).<\/p>\n<p>Inoltre saranno trattati per finalit\u00e0 di analisi statistiche e di marketing diretto, in maniera anonima, come meglio specificato dalla cookie policy.<\/p>\n<p>Trattasi pertanto di trattamenti legittimi e necessari ad assicurarLe un servizio che risponda alle Sue aspettative.<\/p>\n<p>I dati saranno conservati per tutta la durata dei servizi da Lei richiesti o per periodi superiori solo se previsti dalle norme.<\/p>\n<p>In ogni momento Lei potr\u00e0 esercitare i diritti previsti agli articoli 15-22 del GDPR contattando il titolare del presente sito.<\/p>\n<p>Per modificare o cancellare i soli dati che sono archiviati sui sistemi che erogano il presente sito. Le informazioni da lei inserite nel form (compreso il suo indirizzo email) potranno essere comunicate a una societ\u00e0 terza che agir\u00e0 in qualit\u00e0 di Responsabile esterno e che supporta il Titolare nella gestione del sito e nell\u2019evasione della sua richiesta.<\/p>\n<p>Nel caso di richiesta di cancellazione dei suoi dati, La informiamo che potrebbe non essere pi\u00f9 possibile continuare a fornirLe il servizio richiestoci.<\/p>\n<p>La informiamo, infine, che potr\u00e0 proporre reclamo all\u2019Autorit\u00e0 Garante per la Protezione dei Dati, qualora ritenesse siano stati violati i suoi diritti.[\/vc_column_text][\/vc_column][\/vc_row]<\/p>\n<\/div>","protected":false},"excerpt":{"rendered":"<p>[vc_row][vc_column][vc_custom_heading text=&#8221;Informativa privacy ai sensi degli art. 13-14 del Regolamento Europeo \u201cPrivacy\u201d (GDPR)&#8221; font_container=&#8221;tag:h2|text_align:center&#8221; google_fonts=&#8221;font_family:Open%20Sans%3A300%2C300italic%2Cregular%2Citalic%2C600%2C600italic%2C700%2C700italic%2C800%2C800italic|font_style:600%20bold%20regular%3A600%3Anormal&#8221; css_params=&#8221;&#8221;][vc_column_text]I dati personali da Lei inseriti, sono trattati da\u00a0(SPACEL S.r.l.s. Sede legale: C.so Galileo Ferraris, 90 10129 Torino | Sede operativa: Via Collegno, 45bis 10044 Pianezza (TO) C.F. e P. IVA: IT 12884820015 | Tel. +39 011 192 72 867 [&hellip;]<\/p>\n","protected":false},"author":1,"featured_media":0,"parent":0,"menu_order":0,"comment_status":"closed","ping_status":"closed","template":"","meta":{"footnotes":""},"class_list":["post-3","page","type-page","status-publish","hentry"],"_links":{"self":[{"href":"https:\/\/spacel.it\/index.php?rest_route=\/wp\/v2\/pages\/3","targetHints":{"allow":["GET"]}}],"collection":[{"href":"https:\/\/spacel.it\/index.php?rest_route=\/wp\/v2\/pages"}],"about":[{"href":"https:\/\/spacel.it\/index.php?rest_route=\/wp\/v2\/types\/page"}],"author":[{"embeddable":true,"href":"https:\/\/spacel.it\/index.php?rest_route=\/wp\/v2\/users\/1"}],"replies":[{"embeddable":true,"href":"https:\/\/spacel.it\/index.php?rest_route=%2Fwp%2Fv2%2Fcomments&post=3"}],"version-history":[{"count":2,"href":"https:\/\/spacel.it\/index.php?rest_route=\/wp\/v2\/pages\/3\/revisions"}],"predecessor-version":[{"id":3053,"href":"https:\/\/spacel.it\/index.php?rest_route=\/wp\/v2\/pages\/3\/revisions\/3053"}],"wp:attachment":[{"href":"https:\/\/spacel.it\/index.php?rest_route=%2Fwp%2Fv2%2Fmedia&parent=3"}],"curies":[{"name":"wp","href":"https:\/\/api.w.org\/{rel}","templated":true}]}}